{"id":96,"date":"2021-05-19T08:37:51","date_gmt":"2021-05-19T08:37:51","guid":{"rendered":"https:\/\/www.skiwakeresort.cz\/?page_id=96"},"modified":"2024-07-29T10:49:01","modified_gmt":"2024-07-29T10:49:01","slug":"ubytovani","status":"publish","type":"page","link":"https:\/\/www.skiwakeresort.cz\/index.php\/ubytovani\/","title":{"rendered":"Ubytov\u00e1n\u00ed"},"content":{"rendered":"\t\t<div data-elementor-type=\"wp-page\" data-elementor-id=\"96\" class=\"elementor elementor-96\" data-elementor-settings=\"[]\">\n\t\t\t\t\t\t\t<div class=\"elementor-section-wrap\">\n\t\t\t\t\t\t\t<section class=\"elementor-section elementor-top-section elementor-element elementor-element-3ce678cb elementor-section-boxed elementor-section-height-default elementor-section-height-default\" data-id=\"3ce678cb\" data-element_type=\"section\" data-settings=\"{&quot;background_background&quot;:&quot;classic&quot;}\">\n\t\t\t\t\t\t\t<div class=\"elementor-background-overlay\"><\/div>\n\t\t\t\t\t\t\t<div class=\"elementor-container elementor-column-gap-default\">\n\t\t\t\t\t<div class=\"elementor-column elementor-col-100 elementor-top-column elementor-element elementor-element-75516d82\" data-id=\"75516d82\" data-element_type=\"column\">\n\t\t\t<div class=\"elementor-widget-wrap elementor-element-populated\">\n\t\t\t\t\t\t\t\t<section class=\"elementor-section elementor-inner-section elementor-element elementor-element-52f4c2d6 elementor-section-boxed elementor-section-height-default elementor-section-height-default\" data-id=\"52f4c2d6\" data-element_type=\"section\">\n\t\t\t\t\t\t<div class=\"elementor-container elementor-column-gap-default\">\n\t\t\t\t\t<div class=\"elementor-column elementor-col-100 elementor-inner-column elementor-element elementor-element-3e78d1c9\" data-id=\"3e78d1c9\" data-element_type=\"column\">\n\t\t\t<div class=\"elementor-widget-wrap elementor-element-populated\">\n\t\t\t\t\t\t\t\t<div class=\"elementor-element elementor-element-35f00c0 elementor-widget elementor-widget-button\" data-id=\"35f00c0\" data-element_type=\"widget\" data-widget_type=\"button.default\">\n\t\t\t\t<div class=\"elementor-widget-container\">\n\t\t\t\t\t<div class=\"elementor-button-wrapper\">\n\t\t\t<a href=\"http:\/\/www.resort-terlicko.cz\" class=\"elementor-button-link elementor-button elementor-size-sm\" role=\"button\">\n\t\t\t\t\t\t<span class=\"elementor-button-content-wrapper\">\n\t\t\t\t\t\t<span class=\"elementor-button-text\">&lt; zp\u011bt<\/span>\n\t\t<\/span>\n\t\t\t\t\t<\/a>\n\t\t<\/div>\n\t\t\t\t<\/div>\n\t\t\t\t<\/div>\n\t\t\t\t<div class=\"elementor-element elementor-element-117083c elementor-widget elementor-widget-image\" data-id=\"117083c\" data-element_type=\"widget\" data-widget_type=\"image.default\">\n\t\t\t\t<div class=\"elementor-widget-container\">\n\t\t\t\t\t\t\t\t\t\t\t\t\t\t\t<img loading=\"lazy\" decoding=\"async\" width=\"150\" height=\"150\" src=\"https:\/\/www.skiwakeresort.cz\/wp-content\/uploads\/2024\/06\/R_znacka_blue-150x150.jpg\" class=\"attachment-thumbnail size-thumbnail\" alt=\"\" srcset=\"https:\/\/www.skiwakeresort.cz\/wp-content\/uploads\/2024\/06\/R_znacka_blue-150x150.jpg 150w, https:\/\/www.skiwakeresort.cz\/wp-content\/uploads\/2024\/06\/R_znacka_blue-300x300.jpg 300w, https:\/\/www.skiwakeresort.cz\/wp-content\/uploads\/2024\/06\/R_znacka_blue.jpg 452w\" sizes=\"(max-width: 150px) 100vw, 150px\" \/>\t\t\t\t\t\t\t\t\t\t\t\t\t\t\t<\/div>\n\t\t\t\t<\/div>\n\t\t\t\t<div class=\"elementor-element elementor-element-0410c6a elementor-widget elementor-widget-heading\" data-id=\"0410c6a\" data-element_type=\"widget\" data-widget_type=\"heading.default\">\n\t\t\t\t<div class=\"elementor-widget-container\">\n\t\t\t<h6 class=\"elementor-heading-title elementor-size-default\">rezervace ubytov\u00e1n\u00ed<\/h6>\t\t<\/div>\n\t\t\t\t<\/div>\n\t\t\t\t<div class=\"elementor-element elementor-element-81b0dd0 elementor-widget elementor-widget-text-editor\" data-id=\"81b0dd0\" data-element_type=\"widget\" data-widget_type=\"text-editor.default\">\n\t\t\t\t<div class=\"elementor-widget-container\">\n\t\t\t\t\t\t\t\t<div id=\"mevris-booking-engine\" data-id=\"551b48fdbb5e31835251b4fca188189e\"><\/div><script src=\"https:\/\/ibe.better-hotel.com\/app\/iframe\/iframe.js\" type=\"text\/javascript\"><\/script>\t\t\t\t\t\t<\/div>\n\t\t\t\t<\/div>\n\t\t\t\t\t<\/div>\n\t\t<\/div>\n\t\t\t\t\t\t\t<\/div>\n\t\t<\/section>\n\t\t\t\t<div class=\"elementor-element elementor-element-3f4c7c2e elementor-widget elementor-widget-spacer\" data-id=\"3f4c7c2e\" data-element_type=\"widget\" data-widget_type=\"spacer.default\">\n\t\t\t\t<div class=\"elementor-widget-container\">\n\t\t\t\t\t<div class=\"elementor-spacer\">\n\t\t\t<div class=\"elementor-spacer-inner\"><\/div>\n\t\t<\/div>\n\t\t\t\t<\/div>\n\t\t\t\t<\/div>\n\t\t\t\t\t<\/div>\n\t\t<\/div>\n\t\t\t\t\t\t\t<\/div>\n\t\t<\/section>\n\t\t\t\t\t\t<\/div>\n\t\t\t\t\t<\/div>\n\t\t","protected":false},"excerpt":{"rendered":"<p>&lt; zp\u011bt rezervace ubytov\u00e1n\u00ed<\/p>\n","protected":false},"author":1,"featured_media":0,"parent":0,"menu_order":0,"comment_status":"closed","ping_status":"closed","template":"","meta":{"footnotes":""},"_links":{"self":[{"href":"https:\/\/www.skiwakeresort.cz\/index.php\/wp-json\/wp\/v2\/pages\/96"}],"collection":[{"href":"https:\/\/www.skiwakeresort.cz\/index.php\/wp-json\/wp\/v2\/pages"}],"about":[{"href":"https:\/\/www.skiwakeresort.cz\/index.php\/wp-json\/wp\/v2\/types\/page"}],"author":[{"embeddable":true,"href":"https:\/\/www.skiwakeresort.cz\/index.php\/wp-json\/wp\/v2\/users\/1"}],"replies":[{"embeddable":true,"href":"https:\/\/www.skiwakeresort.cz\/index.php\/wp-json\/wp\/v2\/comments?post=96"}],"version-history":[{"count":142,"href":"https:\/\/www.skiwakeresort.cz\/index.php\/wp-json\/wp\/v2\/pages\/96\/revisions"}],"predecessor-version":[{"id":2765,"href":"https:\/\/www.skiwakeresort.cz\/index.php\/wp-json\/wp\/v2\/pages\/96\/revisions\/2765"}],"wp:attachment":[{"href":"https:\/\/www.skiwakeresort.cz\/index.php\/wp-json\/wp\/v2\/media?parent=96"}],"curies":[{"name":"wp","href":"https:\/\/api.w.org\/{rel}","templated":true}]}}