{"id":8,"date":"2021-05-17T12:47:25","date_gmt":"2021-05-17T12:47:25","guid":{"rendered":"http:\/\/www.skiwakeresort.cz\/?page_id=8"},"modified":"2024-07-29T10:23:45","modified_gmt":"2024-07-29T10:23:45","slug":"hlavni-stranka","status":"publish","type":"page","link":"https:\/\/www.skiwakeresort.cz\/","title":{"rendered":"Hlavn\u00ed str\u00e1nka"},"content":{"rendered":"\t\t<div data-elementor-type=\"wp-page\" data-elementor-id=\"8\" class=\"elementor elementor-8\" data-elementor-settings=\"[]\">\n\t\t\t\t\t\t\t<div class=\"elementor-section-wrap\">\n\t\t\t\t\t\t\t<section class=\"elementor-section elementor-top-section elementor-element elementor-element-3fc14aa4 elementor-section-height-min-height elementor-section-boxed elementor-section-height-default elementor-section-items-middle\" data-id=\"3fc14aa4\" data-element_type=\"section\" data-settings=\"{&quot;background_background&quot;:&quot;classic&quot;}\">\n\t\t\t\t\t\t\t<div class=\"elementor-background-overlay\"><\/div>\n\t\t\t\t\t\t\t<div class=\"elementor-container elementor-column-gap-default\">\n\t\t\t\t\t<div class=\"elementor-column elementor-col-100 elementor-top-column elementor-element elementor-element-48590da\" data-id=\"48590da\" data-element_type=\"column\">\n\t\t\t<div class=\"elementor-widget-wrap elementor-element-populated\">\n\t\t\t\t\t\t\t\t<div class=\"elementor-element elementor-element-6bd0ec0 elementor-widget elementor-widget-image\" data-id=\"6bd0ec0\" data-element_type=\"widget\" data-widget_type=\"image.default\">\n\t\t\t\t<div class=\"elementor-widget-container\">\n\t\t\t\t\t\t\t\t\t\t\t\t\t\t\t<img loading=\"lazy\" decoding=\"async\" width=\"150\" height=\"150\" src=\"https:\/\/www.skiwakeresort.cz\/wp-content\/uploads\/2024\/06\/R_znacka_blue-150x150.jpg\" class=\"attachment-thumbnail size-thumbnail\" alt=\"\" srcset=\"https:\/\/www.skiwakeresort.cz\/wp-content\/uploads\/2024\/06\/R_znacka_blue-150x150.jpg 150w, https:\/\/www.skiwakeresort.cz\/wp-content\/uploads\/2024\/06\/R_znacka_blue-300x300.jpg 300w, https:\/\/www.skiwakeresort.cz\/wp-content\/uploads\/2024\/06\/R_znacka_blue.jpg 452w\" sizes=\"(max-width: 150px) 100vw, 150px\" \/>\t\t\t\t\t\t\t\t\t\t\t\t\t\t\t<\/div>\n\t\t\t\t<\/div>\n\t\t\t\t<div class=\"elementor-element elementor-element-e88d858 elementor-align-center elementor-widget elementor-widget-button\" data-id=\"e88d858\" data-element_type=\"widget\" data-widget_type=\"button.default\">\n\t\t\t\t<div class=\"elementor-widget-container\">\n\t\t\t\t\t<div class=\"elementor-button-wrapper\">\n\t\t\t<a href=\"https:\/\/resort-terlicko.cz\/delivery\" class=\"elementor-button-link elementor-button elementor-size-md\" role=\"button\">\n\t\t\t\t\t\t<span class=\"elementor-button-content-wrapper\">\n\t\t\t\t\t\t<span class=\"elementor-button-text\">P\u0158EJD\u011aTE PROS\u00cdM NA N\u00c1\u0160 NOV\u00dd WEB<br>RESORT-TERLICKO.CZ<\/span>\n\t\t<\/span>\n\t\t\t\t\t<\/a>\n\t\t<\/div>\n\t\t\t\t<\/div>\n\t\t\t\t<\/div>\n\t\t\t\t\t<\/div>\n\t\t<\/div>\n\t\t\t\t\t\t\t<\/div>\n\t\t<\/section>\n\t\t\t\t\t\t<\/div>\n\t\t\t\t\t<\/div>\n\t\t","protected":false},"excerpt":{"rendered":"<p>P\u0158EJD\u011aTE PROS\u00cdM NA N\u00c1\u0160 NOV\u00dd WEBRESORT-TERLICKO.CZ<\/p>\n","protected":false},"author":1,"featured_media":2750,"parent":0,"menu_order":0,"comment_status":"closed","ping_status":"closed","template":"","meta":{"footnotes":""},"_links":{"self":[{"href":"https:\/\/www.skiwakeresort.cz\/index.php\/wp-json\/wp\/v2\/pages\/8"}],"collection":[{"href":"https:\/\/www.skiwakeresort.cz\/index.php\/wp-json\/wp\/v2\/pages"}],"about":[{"href":"https:\/\/www.skiwakeresort.cz\/index.php\/wp-json\/wp\/v2\/types\/page"}],"author":[{"embeddable":true,"href":"https:\/\/www.skiwakeresort.cz\/index.php\/wp-json\/wp\/v2\/users\/1"}],"replies":[{"embeddable":true,"href":"https:\/\/www.skiwakeresort.cz\/index.php\/wp-json\/wp\/v2\/comments?post=8"}],"version-history":[{"count":808,"href":"https:\/\/www.skiwakeresort.cz\/index.php\/wp-json\/wp\/v2\/pages\/8\/revisions"}],"predecessor-version":[{"id":2756,"href":"https:\/\/www.skiwakeresort.cz\/index.php\/wp-json\/wp\/v2\/pages\/8\/revisions\/2756"}],"wp:featuredmedia":[{"embeddable":true,"href":"https:\/\/www.skiwakeresort.cz\/index.php\/wp-json\/wp\/v2\/media\/2750"}],"wp:attachment":[{"href":"https:\/\/www.skiwakeresort.cz\/index.php\/wp-json\/wp\/v2\/media?parent=8"}],"curies":[{"name":"wp","href":"https:\/\/api.w.org\/{rel}","templated":true}]}}